{"id":27,"date":"2020-11-18T14:44:45","date_gmt":"2020-11-18T12:44:45","guid":{"rendered":"http:\/\/sbfishing.fi\/?page_id=27"},"modified":"2022-09-29T08:09:12","modified_gmt":"2022-09-29T06:09:12","slug":"etusivu","status":"publish","type":"page","link":"https:\/\/sbfishing.fi\/","title":{"rendered":"Etusivu"},"content":{"rendered":"\n<p><\/p>\n\n\n\n<p>Sandbank fishing on kalastustarvikkeiden maahantuoja ja j\u00e4lleenmyyj\u00e4. Ajatus maahantuonnista ja tuotteiden kehitt\u00e4misest\u00e4 pohjautuu yli 15 v kokemukseen kalastamisesta ja kalastustuotteista. V\u00e4kisin vuosien varrella syntyy ajatuksia uusista tuotteista joita markkinoilta ei viel\u00e4 l\u00f6ydy. Vuonna 2019 l\u00e4hdettiin jalostamaan ajatusta omista kalastustuotteista ja kaudella 2020 saatiin tuotteita avovesikaudelle testiin. Nyt on aika avata verkkokaupan ovet ja tarjota tuotteita my\u00f6s muille kalastajille!<\/p>\n\n\n\n<p> Jokainen tuote on k\u00e4ynyt l\u00e4pi tuotekehityksess\u00e4 ja prototyypin testauksessa l\u00e4pi satojen tuntien testausvaiheen jotta voimme tarjota kalastajille eritt\u00e4in laadukkaita ja kest\u00e4vi\u00e4 tuotteita. <\/p>\n\n\n\n<p><strong>AJANKOHTAISTA:<\/strong><\/p>\n\n\n\n<p>Loppukes\u00e4st\u00e4 2022 saatiin neuvoteltua tehtaan kanssa toimituksista erilaisille lukoille ja leikareille joita saatiin mallikappaleet varastolle. Lukkoja ja leikareita lis\u00e4tty verkkokauppaan ja lis\u00e4ill\u00e4\u00e4n pikkuhiljaa lis\u00e4\u00e4.<\/p>\n\n\n\n<p><\/p>\n\n\n\n<p>Terveisin Mikko \/ SB Fishing Oy<\/p>\n","protected":false},"excerpt":{"rendered":"<p>Sandbank fishing on kalastustarvikkeiden maahantuoja ja j\u00e4lleenmyyj\u00e4. Ajatus maahantuonnista ja tuotteiden kehitt\u00e4misest\u00e4 pohjautuu yli 15 v kokemukseen kalastamisesta ja kalastustuotteista. V\u00e4kisin vuosien varrella syntyy ajatuksia uusista tuotteista joita markkinoilta ei viel\u00e4 l\u00f6ydy. Vuonna 2019 l\u00e4hdettiin jalostamaan ajatusta omista kalastustuotteista ja kaudella 2020 saatiin tuotteita avovesikaudelle testiin. Nyt on aika avata verkkokaupan ovet ja tarjota tuotteita [&hellip;]<\/p>\n","protected":false},"author":1,"featured_media":0,"parent":0,"menu_order":0,"comment_status":"closed","ping_status":"closed","template":"template-fullwidth.php","meta":[],"_links":{"self":[{"href":"https:\/\/sbfishing.fi\/index.php\/wp-json\/wp\/v2\/pages\/27"}],"collection":[{"href":"https:\/\/sbfishing.fi\/index.php\/wp-json\/wp\/v2\/pages"}],"about":[{"href":"https:\/\/sbfishing.fi\/index.php\/wp-json\/wp\/v2\/types\/page"}],"author":[{"embeddable":true,"href":"https:\/\/sbfishing.fi\/index.php\/wp-json\/wp\/v2\/users\/1"}],"replies":[{"embeddable":true,"href":"https:\/\/sbfishing.fi\/index.php\/wp-json\/wp\/v2\/comments?post=27"}],"version-history":[{"count":7,"href":"https:\/\/sbfishing.fi\/index.php\/wp-json\/wp\/v2\/pages\/27\/revisions"}],"predecessor-version":[{"id":236,"href":"https:\/\/sbfishing.fi\/index.php\/wp-json\/wp\/v2\/pages\/27\/revisions\/236"}],"wp:attachment":[{"href":"https:\/\/sbfishing.fi\/index.php\/wp-json\/wp\/v2\/media?parent=27"}],"curies":[{"name":"wp","href":"https:\/\/api.w.org\/{rel}","templated":true}]}}