{"id":55,"date":"2020-11-18T15:22:51","date_gmt":"2020-11-18T13:22:51","guid":{"rendered":"http:\/\/sbfishing.fi\/?post_type=product&#038;p=55"},"modified":"2026-04-29T16:45:16","modified_gmt":"2026-04-29T14:45:16","slug":"kaksoisuistin-peruke-80cm-12kg","status":"publish","type":"product","link":"http:\/\/sbfishing.fi\/index.php\/product\/kaksoisuistin-peruke-80cm-12kg\/","title":{"rendered":"Kaksoisuistin peruke 80cm ~12kg"},"content":{"rendered":"","protected":false},"excerpt":{"rendered":"[video width=\"848\" height=\"480\" mp4=\"http:\/\/sbfishing.fi\/wp-content\/uploads\/2020\/11\/kaksari.mp4\"][\/video]\n<p class=\"font-claude-response-body break-words whitespace-normal leading-[1.7]\"><strong>Sandbank kaksoisuistin peruke \u2014 kilpauistelijoiden valinta<\/strong><\/p>\n<p class=\"font-claude-response-body break-words whitespace-normal leading-[1.7]\">Kilpailuissa kaikki vet\u00e4\u00e4 kaksaria. Aina ennen tapsit on sidottu joko k\u00e4ytt\u00e4en monofiilisiimaa tai kaupasta ostettua vaijeria johon on itse liitetty lukot. T\u00e4ss\u00e4 on valmis tuote \u2014 en\u00e4\u00e4 ei tarvitse sitoa tai puristella holkkeja. T\u00e4ll\u00e4 tuotteella ja vetotavalla lis\u00e4\u00e4t tehoja my\u00f6s m\u00f6kkikalastukseen, kun yhdell\u00e4 vavalla voi vet\u00e4\u00e4 kahta uistinta. Tuote on tarkoitettu kuhan sek\u00e4 hauen uisteluun. Tapsi kest\u00e4\u00e4 raskasta k\u00e4ytt\u00f6\u00e4!<\/p>\n<p class=\"font-claude-response-body break-words whitespace-normal leading-[1.7]\">Peruke on valmistettu 7\u00d77 nylon-p\u00e4\u00e4llysteisest\u00e4 elastisesta rst-vaijerista. Toisessa p\u00e4\u00e4ss\u00e4 on hakanen, jonka avulla kiinnitt\u00e4minen ja irrottaminen p\u00e4\u00e4siimaan on helppoa ja nopeaa. Toisessa p\u00e4\u00e4ss\u00e4 on nice snap -lukko uistimen kiinnityst\u00e4 varten \u2014 ei tapa uistimen uintia. Molemmissa p\u00e4iss\u00e4 leikarit ehk\u00e4isem\u00e4ss\u00e4 kiertymist\u00e4 siiman ymp\u00e4rille. Perukkeen pituus on optimoitu satojen vetouistelutuntien perusteella 80cm pitk\u00e4ksi.<\/p>\n<p class=\"font-claude-response-body break-words whitespace-normal leading-[1.7]\"><strong>Mit\u00e4 saat pussissa:<\/strong><\/p>\n<ul class=\"[li_&amp;]:mb-0 [li_&amp;]:mt-1 [li_&amp;]:gap-1 [&amp;:not(:last-child)_ul]:pb-1 [&amp;:not(:last-child)_ol]:pb-1 list-disc flex flex-col gap-1 pl-8 mb-3\">\n<li class=\"whitespace-normal break-words pl-2\">25 kpl kaksoisuistin perukkeita suljettavassa minigrip-pussissa<\/li>\n<li class=\"whitespace-normal break-words pl-2\">Materiaali: elastinen 7\u00d77 nylon-p\u00e4\u00e4llysteinen rst-vaijeri<\/li>\n<li class=\"whitespace-normal break-words pl-2\">Toisessa p\u00e4\u00e4ss\u00e4 avohakanen, toisessa nice snap -lukko<\/li>\n<li class=\"whitespace-normal break-words pl-2\">Molemmissa p\u00e4iss\u00e4 leikarit est\u00e4m\u00e4ss\u00e4 kiertymisen<\/li>\n<li class=\"whitespace-normal break-words pl-2\">Holkkiliitoksissa vaijeri kolmekertaisena, krimppaus nelinkertaisena<\/li>\n<li class=\"whitespace-normal break-words pl-2\">Vetolujuus testattu ~12kg<\/li>\n<\/ul>\n<p class=\"font-claude-response-body break-words whitespace-normal leading-[1.7]\"><strong>Miksi Sandbank eik\u00e4 itse tehty?<\/strong> Itse tehdess\u00e4 25 tapsia tarvitset yli 22,5 metri\u00e4 vaijeria, lukot ja holkit erikseen \u2014 ja aikaa sidontaan. Sandbank pussi on edullisempi, nopeampi ja laadukkaampi.<\/p>\n<hr class=\"border-border-200 border-t-0.5 my-3 mx-1.5\" \/>\n<p class=\"font-claude-response-body break-words whitespace-normal leading-[1.7]\">\u2b50\u2b50\u2b50\u2b50\u2b50 <em>&#8221;On muute nuo kaksaritapsit aivan ykk\u00f6sluokan tavaraa! Helppo kiinnitt\u00e4\u00e4 ja irrottaa, sek\u00e4 ei mene solmuun s\u00e4ilytyksess\u00e4.&#8221;<\/em> \u2014 Matti<\/p>\n<p class=\"font-claude-response-body break-words whitespace-normal leading-[1.7]\">\u2b50\u2b50\u2b50\u2b50\u2b50 <em>&#8221;Aivan \u00e4lytt\u00f6m\u00e4n hyv\u00e4 tuote. Ennen sidottiin tapsit itse ja nyt saa edullisemmin suoraan pussista ottaa tapsit k\u00e4ytt\u00f6\u00f6n.&#8221;<\/em> \u2014 Kari<\/p>\n<p class=\"font-claude-response-body break-words whitespace-normal leading-[1.7]\">\u2b50\u2b50\u2b50\u2b50\u2b50 <em>&#8221;T\u00e4m\u00e4 on 3. kes\u00e4 kun vedet\u00e4\u00e4n n\u00e4it\u00e4 tapseja. Kuhan uistelussa \u00e4lytt\u00f6m\u00e4n hyvi\u00e4 ja nopeita k\u00e4ytt\u00e4\u00e4.&#8221;<\/em> \u2014 Arto<\/p>\n<p class=\"font-claude-response-body break-words whitespace-normal leading-[1.7]\">\u2b50\u2b50\u2b50\u2b50\u2b50 <em>&#8221;Ostin viime kaudelle pussin. Nyt tilasin kaksi lis\u00e4\u00e4 t\u00e4lle kaudelle. Todella k\u00e4tev\u00e4 k\u00e4ytt\u00e4\u00e4 ja on helpottanut kaksareilla vetoa.&#8221;<\/em> \u2014 Jani<\/p>\n<p class=\"font-claude-response-body break-words whitespace-normal leading-[1.7]\">\u2b50\u2b50\u2b50\u2b50\u2b50 <em>&#8221;Priimaa! Kest\u00e4v\u00e4, sopivan mittainen, kasattu laadukkaista materiaaleista ja soveltuu t\u00e4ydellisesti k\u00e4ytt\u00f6tarkoitukseensa. Voin suositella l\u00e4mpim\u00e4sti kaikille vetomiehille!&#8221;<\/em> \u2014 TH<\/p>\n","protected":false},"featured_media":68,"comment_status":"open","ping_status":"closed","template":"","meta":[],"product_cat":[20],"product_tag":[24,22,25,23],"_links":{"self":[{"href":"http:\/\/sbfishing.fi\/index.php\/wp-json\/wp\/v2\/product\/55"}],"collection":[{"href":"http:\/\/sbfishing.fi\/index.php\/wp-json\/wp\/v2\/product"}],"about":[{"href":"http:\/\/sbfishing.fi\/index.php\/wp-json\/wp\/v2\/types\/product"}],"replies":[{"embeddable":true,"href":"http:\/\/sbfishing.fi\/index.php\/wp-json\/wp\/v2\/comments?post=55"}],"wp:featuredmedia":[{"embeddable":true,"href":"http:\/\/sbfishing.fi\/index.php\/wp-json\/wp\/v2\/media\/68"}],"wp:attachment":[{"href":"http:\/\/sbfishing.fi\/index.php\/wp-json\/wp\/v2\/media?parent=55"}],"wp:term":[{"taxonomy":"product_cat","embeddable":true,"href":"http:\/\/sbfishing.fi\/index.php\/wp-json\/wp\/v2\/product_cat?post=55"},{"taxonomy":"product_tag","embeddable":true,"href":"http:\/\/sbfishing.fi\/index.php\/wp-json\/wp\/v2\/product_tag?post=55"}],"curies":[{"name":"wp","href":"https:\/\/api.w.org\/{rel}","templated":true}]}}